{"id":78,"date":"2022-10-18T10:13:45","date_gmt":"2022-10-18T10:13:45","guid":{"rendered":"https:\/\/infirmiere-liberale-betton.fr\/?page_id=78"},"modified":"2025-01-29T10:51:32","modified_gmt":"2025-01-29T09:51:32","slug":"home","status":"publish","type":"page","link":"https:\/\/infirmiere-liberale-betton.fr\/","title":{"rendered":"Home"},"content":{"rendered":"\n<div class=\"wp-block-uagb-container uagb-block-ede7e72a default uagb-is-root-container\"><div class=\"uagb-container__shape uagb-container__shape-bottom uagb-container__shape-above-content uagb-container__invert\" data-negative=\"false\"><svg xmlns=\"https:\/\/www.w3.org\/2000\/svg\" viewBox=\"0 0 937.5 120\" preserveAspectRatio=\"none\"><path class=\"uagb-container__shape-fill\" d=\"M937,129.8V-0.1H0v129.9C0,62.6,209.6,8.2,468.4,8.2S936.9,62.6,937,129.8z\"><\/path><\/svg><\/div>\n<div class=\"wp-block-uagb-call-to-action uagb-block-843dc615 wp-block-button\"><div class=\"uagb-cta__wrap\"><h1 class=\"uagb-cta__title\">Cabinet d&#8217;infirmi\u00e8res<br>Justine Lentin &#8211; Solenn Marouz\u00e9<\/h1><p class=\"uagb-cta__desc\">14 Rue de Rennes 35830 Betton<\/p><\/div><div class=\"uagb-cta__buttons\"><a href=\"#map\" class=\"uagb-cta__button-link-wrapper wp-block-button__link\" target=\"_self\" rel=\"noopener noreferrer\"><svg xmlns=\"https:\/\/www.w3.org\/2000\/svg\" viewBox=\"0 0 384 512\"><path d=\"M168.3 499.2C116.1 435 0 279.4 0 192C0 85.96 85.96 0 192 0C298 0 384 85.96 384 192C384 279.4 267 435 215.7 499.2C203.4 514.5 180.6 514.5 168.3 499.2H168.3zM192 256C227.3 256 256 227.3 256 192C256 156.7 227.3 128 192 128C156.7 128 128 156.7 128 192C128 227.3 156.7 256 192 256z\"><\/path><\/svg>nous situer<\/a><\/div><\/div>\n<\/div>\n\n\n\n<p><\/p>\n\n\n\n<div id=\"about\" class=\"wp-block-uagb-container uagb-block-5f08c9e2 alignfull uagb-is-root-container\"><div class=\"uagb-container-inner-blocks-wrap\">\n<div class=\"wp-block-uagb-container uagb-block-0aa95e83\">\n<div data-aos= \"slide-right\" data-aos-duration=\"400\" data-aos-delay=\"0\" data-aos-easing=\"ease\" data-aos-once=\"true\" class=\"wp-block-uagb-advanced-heading uagb-block-1a63eb65\"><h2 class=\"uagb-heading-text\">Qui sommes-nous ?<\/h2><p class=\"uagb-desc-text\">Situ\u00e9 \u00e0 Betton, ce cabinet est constitu\u00e9 de deux infirmi\u00e8res diplom\u00e9es d&#8217;Etat : Justine Lentin et Solenn Marouz\u00e9.<br><br>Les soins infirmiers se font \u00e0 domicile ou au cabinet sur rendez-vous.<br><br>Au service de votre sant\u00e9, nous sommes joignables 7 jours sur 7, de 7h \u00e0 20h. En dehors de ces horaires et en cas d\u2019urgence vitale, composez le 15.&nbsp;<\/p><\/div>\n<\/div>\n\n\n\n<div data-aos= \"slide-up\" data-aos-duration=\"400\" data-aos-delay=\"0\" data-aos-easing=\"ease\" data-aos-once=\"true\" class=\"wp-block-uagb-container uagb-block-23ee2c51\">\n<figure class=\"wp-block-image alignright size-full is-resized\"><img loading=\"lazy\" decoding=\"async\" width=\"257\" height=\"381\" src=\"https:\/\/infirmiere-liberale-betton.fr\/wp-content\/uploads\/2023\/12\/global2-1.png\" alt=\"\" class=\"wp-image-635\" style=\"object-fit:cover;width:204px;height:auto\" srcset=\"https:\/\/infirmiere-liberale-betton.fr\/wp-content\/uploads\/2023\/12\/global2-1.png 257w, https:\/\/infirmiere-liberale-betton.fr\/wp-content\/uploads\/2023\/12\/global2-1-202x300.png 202w\" sizes=\"auto, (max-width: 257px) 100vw, 257px\" \/><\/figure>\n<\/div>\n<\/div><\/div>\n\n\n\n<div id=\"services\" class=\"wp-block-uagb-container uagb-block-87240bf6 alignfull uagb-is-root-container\"><div class=\"uagb-container-inner-blocks-wrap\">\n<div data-aos= \"slide-right\" data-aos-duration=\"400\" data-aos-delay=\"0\" data-aos-easing=\"ease\" data-aos-once=\"true\" class=\"wp-block-uagb-advanced-heading uagb-block-a117d91d\"><h2 class=\"uagb-heading-text\">Nos soins<\/h2><p class=\"uagb-desc-text\">Nos soins sont r\u00e9alis\u00e9s sur prescription m\u00e9dicale<\/p><\/div>\n\n\n\n<div data-aos= \"slide-left\" data-aos-duration=\"400\" data-aos-delay=\"0\" data-aos-easing=\"ease\" data-aos-once=\"true\" class=\"wp-block-uagb-container uagb-block-ae4671e8\">\n<div class=\"wp-block-uagb-container uagb-block-e3bf698d\">\n<div class=\"wp-block-uagb-container uagb-block-289d2fe6\">\n<div class=\"wp-block-uagb-info-box uagb-block-cb683c19 uagb-infobox__content-wrap  uagb-infobox-icon-above-title uagb-infobox-image-valign-top\"><div class=\"uagb-ifb-content\"><div class=\"uagb-ifb-icon-wrap\"><div class=\"uagb-iconbox-icon-wrap uagb-infobox-shape-circle\"><svg xmlns=\"https:\/\/www.w3.org\/2000\/svg\" viewBox=\"0 0 576 512\"><path d=\"M64 32h32v448H64c-35.35 0-64-28.66-64-64V96C0 60.66 28.65 32 64 32zM128 32h320v448H128V32zM176 282c0 8.835 7.164 16 16 16h53.1V352c0 8.836 7.165 16 16 16h52c8.836 0 16-7.164 16-16V298H384c8.836 0 16-7.165 16-16v-52c0-8.837-7.164-16-16-16h-54V160c0-8.836-7.164-16-16-16h-52c-8.835 0-16 7.164-16 16v54H192c-8.836 0-16 7.163-16 16V282zM512 32h-32v448h32c35.35 0 64-28.66 64-64V96C576 60.66 547.3 32 512 32z\"><\/path><\/svg><\/div><\/div><div class=\"uagb-ifb-title-wrap\"><h5 class=\"uagb-ifb-title\">Traitements m\u00e9dicamenteux<\/h5><\/div><p class=\"uagb-ifb-desc\">De la pr\u00e9paration \u00e0 l&#8217;administration de vos traitement m\u00e9dicamenteux, nous sommes l\u00e0 pour vous accompagner.<\/p><\/div><\/div>\n<\/div>\n<\/div>\n\n\n\n<div class=\"wp-block-uagb-container uagb-block-9d823cda\">\n<div class=\"wp-block-uagb-container uagb-block-45ffa7fe\">\n<div class=\"wp-block-uagb-info-box uagb-block-fdf85cc5 uagb-infobox__content-wrap  uagb-infobox-icon-above-title uagb-infobox-image-valign-top\"><div class=\"uagb-ifb-content\"><div class=\"uagb-ifb-icon-wrap\"><div class=\"uagb-iconbox-icon-wrap uagb-infobox-shape-circle\"><svg xmlns=\"https:\/\/www.w3.org\/2000\/svg\" viewBox=\"0 0 640 512\"><path d=\"M480 96H576C611.3 96 640 124.7 640 160V352C640 387.3 611.3 416 576 416H480V96zM448 416H192V96H448V416zM272 184C258.7 184 248 194.7 248 208C248 221.3 258.7 232 272 232C285.3 232 296 221.3 296 208C296 194.7 285.3 184 272 184zM368 232C381.3 232 392 221.3 392 208C392 194.7 381.3 184 368 184C354.7 184 344 194.7 344 208C344 221.3 354.7 232 368 232zM272 280C258.7 280 248 290.7 248 304C248 317.3 258.7 328 272 328C285.3 328 296 317.3 296 304C296 290.7 285.3 280 272 280zM368 328C381.3 328 392 317.3 392 304C392 290.7 381.3 280 368 280C354.7 280 344 290.7 344 304C344 317.3 354.7 328 368 328zM64 96H160V416H64C28.65 416 0 387.3 0 352V160C0 124.7 28.65 96 64 96z\"><\/path><\/svg><\/div><\/div><div class=\"uagb-ifb-title-wrap\"><h5 class=\"uagb-ifb-title\">Pansements<\/h5><\/div><p class=\"uagb-ifb-desc\">Qu&#8217;ils soient simples ou complexes, nous proc\u00e9dons \u00e0 la pose de pansements divers, en cas de plaies chroniques ou apr\u00e8s une intervention chirurgicale.<\/p><\/div><\/div>\n<\/div>\n<\/div>\n\n\n\n<div class=\"wp-block-uagb-container uagb-block-805e2fbd\">\n<div class=\"wp-block-uagb-container uagb-block-4500358b\">\n<div class=\"wp-block-uagb-info-box uagb-block-d453df60 uagb-infobox__content-wrap  uagb-infobox-icon-above-title uagb-infobox-image-valign-top\"><div class=\"uagb-ifb-content\"><div class=\"uagb-ifb-icon-wrap\"><div class=\"uagb-iconbox-icon-wrap uagb-infobox-shape-circle\"><svg xmlns=\"https:\/\/www.w3.org\/2000\/svg\" viewBox=\"0 0 512 512\"><path d=\"M504.1 71.03l-64-64c-9.375-9.375-24.56-9.375-33.94 0s-9.375 24.56 0 33.94L422.1 56L384 94.06l-55.03-55.03c-9.375-9.375-24.56-9.375-33.94 0c-8.467 8.467-8.873 21.47-2.047 30.86l149.1 149.1C446.3 222.1 451.1 224 456 224c6.141 0 12.28-2.344 16.97-7.031c9.375-9.375 9.375-24.56 0-33.94L417.9 128L456 89.94l15.03 15.03C475.7 109.7 481.9 112 488 112s12.28-2.344 16.97-7.031C514.3 95.59 514.3 80.41 504.1 71.03zM208.8 154.1l58.56 58.56c6.25 6.25 6.25 16.38 0 22.62C264.2 238.4 260.1 240 256 240S247.8 238.4 244.7 235.3L186.1 176.8L144.8 218.1l58.56 58.56c6.25 6.25 6.25 16.38 0 22.62C200.2 302.4 196.1 304 192 304S183.8 302.4 180.7 299.3L122.1 240.8L82.75 280.1C70.74 292.1 64 308.4 64 325.4v88.68l-56.97 56.97c-9.375 9.375-9.375 24.56 0 33.94C11.72 509.7 17.86 512 24 512s12.28-2.344 16.97-7.031L97.94 448h88.69c16.97 0 33.25-6.744 45.26-18.75l187.6-187.6l-149.1-149.1L208.8 154.1z\"><\/path><\/svg><\/div><\/div><div class=\"uagb-ifb-title-wrap\"><h5 class=\"uagb-ifb-title\">Injections, perfusions, vaccins, prises de sang<\/h5><\/div><p class=\"uagb-ifb-desc\">Nous r\u00e9alisons tous types d&#8217;injections : intramusculaires, intraveineuses, sous-cutan\u00e9es.<\/p><\/div><\/div>\n<\/div>\n<\/div>\n<\/div>\n<\/div><\/div>\n\n\n\n<div id=\"contact\" class=\"wp-block-uagb-container uagb-block-e6986976 alignfull uagb-is-root-container\"><div class=\"uagb-container__shape uagb-container__shape-bottom\" data-negative=\"false\"><svg xmlns=\"https:\/\/www.w3.org\/2000\/svg\" viewBox=\"0 0 937.5 120\" preserveAspectRatio=\"none\"><path class=\"uagb-container__shape-fill\" d=\"M937,129.8V-0.1H0v129.9C0,62.6,209.6,8.2,468.4,8.2S936.9,62.6,937,129.8z\"><\/path><\/svg><\/div><div class=\"uagb-container-inner-blocks-wrap\">\n<div data-aos= \"slide-up\" data-aos-duration=\"400\" data-aos-delay=\"0\" data-aos-easing=\"ease\" data-aos-once=\"true\" class=\"wp-block-uagb-advanced-heading uagb-block-7463451b\"><h2 class=\"uagb-heading-text\">Notre cabinet<\/h2><\/div>\n\n\n\n<div data-aos= \"slide-up\" data-aos-duration=\"400\" data-aos-delay=\"0\" data-aos-easing=\"ease\" data-aos-once=\"true\" class=\"wp-block-uagb-advanced-heading uagb-block-62a30262\"><h6 class=\"uagb-heading-text\">Nous sommes joignables 7j\/7, de 7h \u00e0 20h (privil\u00e9gier appel\/message vocal au SMS)<\/h6><\/div>\n<\/div><\/div>\n\n\n\n<div class=\"wp-block-uagb-container uagb-block-81b82a78 alignfull uagb-is-root-container\"><div class=\"uagb-container-inner-blocks-wrap\"><\/div><\/div>\n\n\n\n<div class=\"wp-block-uagb-container uagb-block-46af2399 alignfull uagb-is-root-container\"><div class=\"uagb-container-inner-blocks-wrap\">\n<div data-aos= \"slide-up\" data-aos-duration=\"400\" data-aos-delay=\"0\" data-aos-easing=\"ease\" data-aos-once=\"true\" class=\"wp-block-uagb-container uagb-block-f1f79aa7\">\n<div class=\"wp-block-uagb-container uagb-block-c9b1437a\">\n<div class=\"wp-block-uagb-info-box uagb-block-b1a55ae0 uagb-infobox__content-wrap  uagb-infobox-icon-left uagb-infobox-left uagb-infobox-stacked-mobile uagb-infobox-image-valign-top\"><div class=\"uagb-ifb-icon-wrap\"><div class=\"uagb-iconbox-icon-wrap uagb-infobox-shape-circle\"><svg xmlns=\"https:\/\/www.w3.org\/2000\/svg\" viewBox=\"0 0 384 512\"><path d=\"M168.3 499.2C116.1 435 0 279.4 0 192C0 85.96 85.96 0 192 0C298 0 384 85.96 384 192C384 279.4 267 435 215.7 499.2C203.4 514.5 180.6 514.5 168.3 499.2H168.3zM192 256C227.3 256 256 227.3 256 192C256 156.7 227.3 128 192 128C156.7 128 128 156.7 128 192C128 227.3 156.7 256 192 256z\"><\/path><\/svg><\/div><\/div><div class=\"uagb-ifb-content\"><div class=\"uagb-ifb-title-wrap\"><h4 class=\"uagb-ifb-title\">Adresse<\/h4><\/div><p class=\"uagb-ifb-desc\">14 Rue de Rennes, 35830 Betton<\/p><\/div><\/div>\n<\/div>\n\n\n\n<div class=\"wp-block-uagb-container uagb-block-647e2702\">\n<div class=\"wp-block-uagb-info-box uagb-block-50d6f4b6 uagb-infobox__content-wrap  uagb-infobox-icon-left uagb-infobox-left uagb-infobox-stacked-mobile uagb-infobox-image-valign-top\"><div class=\"uagb-ifb-icon-wrap\"><div class=\"uagb-iconbox-icon-wrap uagb-infobox-shape-circle\"><svg xmlns=\"https:\/\/www.w3.org\/2000\/svg\" viewBox=\"0 0 512 512\"><path d=\"M18.92 351.2l108.5-46.52c12.78-5.531 27.77-1.801 36.45 8.98l44.09 53.82c69.25-34 125.5-90.31 159.5-159.5l-53.81-44.04c-10.75-8.781-14.41-23.69-8.974-36.47l46.51-108.5c6.094-13.91 21.1-21.52 35.79-18.11l100.8 23.25c14.25 3.25 24.22 15.8 24.22 30.46c0 252.3-205.2 457.5-457.5 457.5c-14.67 0-27.18-9.968-30.45-24.22l-23.25-100.8C-2.571 372.4 5.018 357.2 18.92 351.2z\"><\/path><\/svg><\/div><\/div><div class=\"uagb-ifb-content\"><div class=\"uagb-ifb-title-wrap\"><h4 class=\"uagb-ifb-title\">T\u00e9l\u00e9phone<\/h4><\/div><p class=\"uagb-ifb-desc\">06 59 10 05 72<\/p><\/div><\/div>\n<\/div>\n<\/div>\n\n\n\n<div class=\"wp-block-uagb-container uagb-block-2ec99b1b\">\t\t\t<div \n\t\t\tclass=\"wp-block-uagb-google-map uagb-google-map__wrap uagb-block-98768dc4     \"\n\t\t\tstyle=\"\" >\n\t\t\t\t<embed\n\t\t\t\t\tclass=\"uagb-google-map__iframe\"\n\t\t\t\t\ttitle=\"Google Map for \"\n\t\t\t\t\tsrc=\"https:\/\/maps.google.com\/maps?q=14%20Rue%20de%20Rennes%2035830%20Betton&#038;z=16&#038;hl=fr&#038;t=m&#038;output=embed&#038;iwloc=near\"\n\t\t\t\t\twidth=\"640\"\n\t\t\t\t\theight=\"300\"\n\t\t\t\t\tloading=\"lazy\"\n\t\t\t\t><\/embed>\n\t\t\t<\/div>\n\t\t\t<\/div>\n\n\n\n<div class=\"wp-block-group is-layout-constrained wp-block-group-is-layout-constrained\">\n<div class=\"wp-block-uagb-container uagb-block-96074211\"><\/div>\n<\/div>\n\n\n\n<div class=\"wp-block-uagb-advanced-heading uagb-block-d9806692\" id=\"map\"><\/div>\n<\/div><\/div>\n","protected":false},"excerpt":{"rendered":"<p>Qui sommes-nous ? Situ\u00e9 \u00e0 Betton, ce cabinet est constitu\u00e9 de deux infirmi\u00e8res diplom\u00e9es d&#8217;Etat : Justine Lentin et Solenn Marouz\u00e9. Les soins infirmiers se font \u00e0 domicile ou au cabinet sur rendez-vous. Au service de votre sant\u00e9, nous sommes joignables 7 jours sur 7, de 7h \u00e0 20h. En dehors de ces horaires et &hellip;<\/p>\n<p class=\"read-more\"> <a class=\"\" href=\"https:\/\/infirmiere-liberale-betton.fr\/\"> <span class=\"screen-reader-text\">Home<\/span> Read More &raquo;<\/a><\/p>\n","protected":false},"author":1,"featured_media":0,"parent":0,"menu_order":0,"comment_status":"closed","ping_status":"closed","template":"","meta":{"_uag_custom_page_level_css":"","site-sidebar-layout":"default","site-content-layout":"","ast-site-content-layout":"default","site-content-style":"default","site-sidebar-style":"default","ast-global-header-display":"","ast-banner-title-visibility":"","ast-main-header-display":"","ast-hfb-above-header-display":"","ast-hfb-below-header-display":"","ast-hfb-mobile-header-display":"","site-post-title":"disabled","ast-breadcrumbs-content":"","ast-featured-img":"","footer-sml-layout":"","theme-transparent-header-meta":"","adv-header-id-meta":"","stick-header-meta":"","header-above-stick-meta":"","header-main-stick-meta":"","header-below-stick-meta":"","astra-migrate-meta-layouts":"set","ast-page-background-enabled":"default","ast-page-background-meta":{"desktop":{"background-color":"var(--ast-global-color-4)","background-image":"","background-repeat":"repeat","background-position":"center center","background-size":"auto","background-attachment":"scroll","background-type":"","background-media":"","overlay-type":"","overlay-color":"","overlay-gradient":""},"tablet":{"background-color":"","background-image":"","background-repeat":"repeat","background-position":"center center","background-size":"auto","background-attachment":"scroll","background-type":"","background-media":"","overlay-type":"","overlay-color":"","overlay-gradient":""},"mobile":{"background-color":"","background-image":"","background-repeat":"repeat","background-position":"center center","background-size":"auto","background-attachment":"scroll","background-type":"","background-media":"","overlay-type":"","overlay-color":"","overlay-gradient":""}},"ast-content-background-meta":{"desktop":{"background-color":"var(--ast-global-color-5)","background-image":"","background-repeat":"repeat","background-position":"center center","background-size":"auto","background-attachment":"scroll","background-type":"","background-media":"","overlay-type":"","overlay-color":"","overlay-gradient":""},"tablet":{"background-color":"var(--ast-global-color-5)","background-image":"","background-repeat":"repeat","background-position":"center center","background-size":"auto","background-attachment":"scroll","background-type":"","background-media":"","overlay-type":"","overlay-color":"","overlay-gradient":""},"mobile":{"background-color":"var(--ast-global-color-5)","background-image":"","background-repeat":"repeat","background-position":"center center","background-size":"auto","background-attachment":"scroll","background-type":"","background-media":"","overlay-type":"","overlay-color":"","overlay-gradient":""}},"footnotes":""},"class_list":["post-78","page","type-page","status-publish","hentry"],"yoast_head":"<!-- This site is optimized with the Yoast SEO plugin v24.3 - https:\/\/yoast.com\/wordpress\/plugins\/seo\/ -->\n<title>Home - Cabinet d&#039;infirmi\u00e8res lib\u00e9rales \u00e0 Betton, Rennes<\/title>\n<meta name=\"description\" content=\"Cabinet d&#039;infirmi\u00e8res lib\u00e9rales situ\u00e9 \u00e0 Betton, pr\u00e8s de Rennes\" \/>\n<meta name=\"robots\" content=\"index, follow, max-snippet:-1, max-image-preview:large, max-video-preview:-1\" \/>\n<link rel=\"canonical\" href=\"https:\/\/infirmiere-liberale-betton.fr\/\" \/>\n<meta property=\"og:locale\" content=\"en_US\" \/>\n<meta property=\"og:type\" content=\"article\" \/>\n<meta property=\"og:title\" content=\"Home - Cabinet d&#039;infirmi\u00e8res lib\u00e9rales \u00e0 Betton, Rennes\" \/>\n<meta property=\"og:description\" content=\"Cabinet d&#039;infirmi\u00e8res lib\u00e9rales situ\u00e9 \u00e0 Betton, pr\u00e8s de Rennes\" \/>\n<meta property=\"og:url\" content=\"https:\/\/infirmiere-liberale-betton.fr\/\" \/>\n<meta property=\"og:site_name\" content=\"Cabinet d&#039;infirmi\u00e8res lib\u00e9rales \u00e0 Betton, Rennes\" \/>\n<meta property=\"article:modified_time\" content=\"2025-01-29T09:51:32+00:00\" \/>\n<meta property=\"og:image\" content=\"https:\/\/infirmiere-liberale-betton.fr\/wp-content\/uploads\/2023\/12\/global2-1.png\" \/>\n\t<meta property=\"og:image:width\" content=\"257\" \/>\n\t<meta property=\"og:image:height\" content=\"381\" \/>\n\t<meta property=\"og:image:type\" content=\"image\/png\" \/>\n<meta name=\"twitter:card\" content=\"summary_large_image\" \/>\n<meta name=\"twitter:label1\" content=\"Est. reading time\" \/>\n\t<meta name=\"twitter:data1\" content=\"1 minute\" \/>\n<script type=\"application\/ld+json\" class=\"yoast-schema-graph\">{\"@context\":\"https:\/\/schema.org\",\"@graph\":[{\"@type\":\"WebPage\",\"@id\":\"https:\/\/infirmiere-liberale-betton.fr\/\",\"url\":\"https:\/\/infirmiere-liberale-betton.fr\/\",\"name\":\"Home - Cabinet d&#039;infirmi\u00e8res lib\u00e9rales \u00e0 Betton, Rennes\",\"isPartOf\":{\"@id\":\"https:\/\/infirmiere-liberale-betton.fr\/#website\"},\"primaryImageOfPage\":{\"@id\":\"https:\/\/infirmiere-liberale-betton.fr\/#primaryimage\"},\"image\":{\"@id\":\"https:\/\/infirmiere-liberale-betton.fr\/#primaryimage\"},\"thumbnailUrl\":\"https:\/\/infirmiere-liberale-betton.fr\/wp-content\/uploads\/2023\/12\/global2-1.png\",\"datePublished\":\"2022-10-18T10:13:45+00:00\",\"dateModified\":\"2025-01-29T09:51:32+00:00\",\"description\":\"Cabinet d'infirmi\u00e8res lib\u00e9rales situ\u00e9 \u00e0 Betton, pr\u00e8s de Rennes\",\"breadcrumb\":{\"@id\":\"https:\/\/infirmiere-liberale-betton.fr\/#breadcrumb\"},\"inLanguage\":\"en-US\",\"potentialAction\":[{\"@type\":\"ReadAction\",\"target\":[\"https:\/\/infirmiere-liberale-betton.fr\/\"]}]},{\"@type\":\"ImageObject\",\"inLanguage\":\"en-US\",\"@id\":\"https:\/\/infirmiere-liberale-betton.fr\/#primaryimage\",\"url\":\"https:\/\/infirmiere-liberale-betton.fr\/wp-content\/uploads\/2023\/12\/global2-1.png\",\"contentUrl\":\"https:\/\/infirmiere-liberale-betton.fr\/wp-content\/uploads\/2023\/12\/global2-1.png\",\"width\":257,\"height\":381},{\"@type\":\"BreadcrumbList\",\"@id\":\"https:\/\/infirmiere-liberale-betton.fr\/#breadcrumb\",\"itemListElement\":[{\"@type\":\"ListItem\",\"position\":1,\"name\":\"Home\",\"item\":\"https:\/\/infirmiere-liberale-betton.fr\/\"},{\"@type\":\"ListItem\",\"position\":2,\"name\":\"Home\"}]},{\"@type\":\"WebSite\",\"@id\":\"https:\/\/infirmiere-liberale-betton.fr\/#website\",\"url\":\"https:\/\/infirmiere-liberale-betton.fr\/\",\"name\":\"Cabinet d'infirmi\u00e8res lib\u00e9rales \u00e0 Betton, Rennes\",\"description\":\"Cabinet d&#039;infirmiers Lentin - Marouze - Rennes, Betton\",\"potentialAction\":[{\"@type\":\"SearchAction\",\"target\":{\"@type\":\"EntryPoint\",\"urlTemplate\":\"https:\/\/infirmiere-liberale-betton.fr\/?s={search_term_string}\"},\"query-input\":{\"@type\":\"PropertyValueSpecification\",\"valueRequired\":true,\"valueName\":\"search_term_string\"}}],\"inLanguage\":\"en-US\"}]}<\/script>\n<!-- \/ Yoast SEO plugin. -->","yoast_head_json":{"title":"Home - Cabinet d&#039;infirmi\u00e8res lib\u00e9rales \u00e0 Betton, Rennes","description":"Cabinet d'infirmi\u00e8res lib\u00e9rales situ\u00e9 \u00e0 Betton, pr\u00e8s de Rennes","robots":{"index":"index","follow":"follow","max-snippet":"max-snippet:-1","max-image-preview":"max-image-preview:large","max-video-preview":"max-video-preview:-1"},"canonical":"https:\/\/infirmiere-liberale-betton.fr\/","og_locale":"en_US","og_type":"article","og_title":"Home - Cabinet d&#039;infirmi\u00e8res lib\u00e9rales \u00e0 Betton, Rennes","og_description":"Cabinet d'infirmi\u00e8res lib\u00e9rales situ\u00e9 \u00e0 Betton, pr\u00e8s de Rennes","og_url":"https:\/\/infirmiere-liberale-betton.fr\/","og_site_name":"Cabinet d&#039;infirmi\u00e8res lib\u00e9rales \u00e0 Betton, Rennes","article_modified_time":"2025-01-29T09:51:32+00:00","og_image":[{"width":257,"height":381,"url":"https:\/\/infirmiere-liberale-betton.fr\/wp-content\/uploads\/2023\/12\/global2-1.png","type":"image\/png"}],"twitter_card":"summary_large_image","twitter_misc":{"Est. reading time":"1 minute"},"schema":{"@context":"https:\/\/schema.org","@graph":[{"@type":"WebPage","@id":"https:\/\/infirmiere-liberale-betton.fr\/","url":"https:\/\/infirmiere-liberale-betton.fr\/","name":"Home - Cabinet d&#039;infirmi\u00e8res lib\u00e9rales \u00e0 Betton, Rennes","isPartOf":{"@id":"https:\/\/infirmiere-liberale-betton.fr\/#website"},"primaryImageOfPage":{"@id":"https:\/\/infirmiere-liberale-betton.fr\/#primaryimage"},"image":{"@id":"https:\/\/infirmiere-liberale-betton.fr\/#primaryimage"},"thumbnailUrl":"https:\/\/infirmiere-liberale-betton.fr\/wp-content\/uploads\/2023\/12\/global2-1.png","datePublished":"2022-10-18T10:13:45+00:00","dateModified":"2025-01-29T09:51:32+00:00","description":"Cabinet d'infirmi\u00e8res lib\u00e9rales situ\u00e9 \u00e0 Betton, pr\u00e8s de Rennes","breadcrumb":{"@id":"https:\/\/infirmiere-liberale-betton.fr\/#breadcrumb"},"inLanguage":"en-US","potentialAction":[{"@type":"ReadAction","target":["https:\/\/infirmiere-liberale-betton.fr\/"]}]},{"@type":"ImageObject","inLanguage":"en-US","@id":"https:\/\/infirmiere-liberale-betton.fr\/#primaryimage","url":"https:\/\/infirmiere-liberale-betton.fr\/wp-content\/uploads\/2023\/12\/global2-1.png","contentUrl":"https:\/\/infirmiere-liberale-betton.fr\/wp-content\/uploads\/2023\/12\/global2-1.png","width":257,"height":381},{"@type":"BreadcrumbList","@id":"https:\/\/infirmiere-liberale-betton.fr\/#breadcrumb","itemListElement":[{"@type":"ListItem","position":1,"name":"Home","item":"https:\/\/infirmiere-liberale-betton.fr\/"},{"@type":"ListItem","position":2,"name":"Home"}]},{"@type":"WebSite","@id":"https:\/\/infirmiere-liberale-betton.fr\/#website","url":"https:\/\/infirmiere-liberale-betton.fr\/","name":"Cabinet d'infirmi\u00e8res lib\u00e9rales \u00e0 Betton, Rennes","description":"Cabinet d&#039;infirmiers Lentin - Marouze - Rennes, Betton","potentialAction":[{"@type":"SearchAction","target":{"@type":"EntryPoint","urlTemplate":"https:\/\/infirmiere-liberale-betton.fr\/?s={search_term_string}"},"query-input":{"@type":"PropertyValueSpecification","valueRequired":true,"valueName":"search_term_string"}}],"inLanguage":"en-US"}]}},"uagb_featured_image_src":{"full":false,"thumbnail":false,"medium":false,"medium_large":false,"large":false,"1536x1536":false,"2048x2048":false},"uagb_author_info":{"display_name":"admin5697","author_link":"https:\/\/infirmiere-liberale-betton.fr\/?author=1"},"uagb_comment_info":0,"uagb_excerpt":"Qui sommes-nous ? Situ\u00e9 \u00e0 Betton, ce cabinet est constitu\u00e9 de deux infirmi\u00e8res diplom\u00e9es d&#8217;Etat : Justine Lentin et Solenn Marouz\u00e9. Les soins infirmiers se font \u00e0 domicile ou au cabinet sur rendez-vous. Au service de votre sant\u00e9, nous sommes joignables 7 jours sur 7, de 7h \u00e0 20h. En dehors de ces horaires et&hellip;","_links":{"self":[{"href":"https:\/\/infirmiere-liberale-betton.fr\/index.php?rest_route=\/wp\/v2\/pages\/78","targetHints":{"allow":["GET"]}}],"collection":[{"href":"https:\/\/infirmiere-liberale-betton.fr\/index.php?rest_route=\/wp\/v2\/pages"}],"about":[{"href":"https:\/\/infirmiere-liberale-betton.fr\/index.php?rest_route=\/wp\/v2\/types\/page"}],"author":[{"embeddable":true,"href":"https:\/\/infirmiere-liberale-betton.fr\/index.php?rest_route=\/wp\/v2\/users\/1"}],"replies":[{"embeddable":true,"href":"https:\/\/infirmiere-liberale-betton.fr\/index.php?rest_route=%2Fwp%2Fv2%2Fcomments&post=78"}],"version-history":[{"count":50,"href":"https:\/\/infirmiere-liberale-betton.fr\/index.php?rest_route=\/wp\/v2\/pages\/78\/revisions"}],"predecessor-version":[{"id":709,"href":"https:\/\/infirmiere-liberale-betton.fr\/index.php?rest_route=\/wp\/v2\/pages\/78\/revisions\/709"}],"wp:attachment":[{"href":"https:\/\/infirmiere-liberale-betton.fr\/index.php?rest_route=%2Fwp%2Fv2%2Fmedia&parent=78"}],"curies":[{"name":"wp","href":"https:\/\/api.w.org\/{rel}","templated":true}]}}